{"id":1563,"date":"2024-05-10T13:03:15","date_gmt":"2024-05-10T11:03:15","guid":{"rendered":"https:\/\/www.deulonder.com\/?page_id=1563"},"modified":"2026-02-09T08:52:01","modified_gmt":"2026-02-09T07:52:01","slug":"politica-de-privacidad","status":"publish","type":"page","link":"https:\/\/www.deulonder.com\/ca\/politica-de-privacidad\/","title":{"rendered":"Pol\u00edtica de privacidad"},"content":{"rendered":"<p>[et_pb_section fb_built=&#8221;1&#8243; _builder_version=&#8221;4.25.0&#8243; _module_preset=&#8221;default&#8221; custom_padding=&#8221;0px||0px||true|false&#8221; global_colors_info=&#8221;{}&#8221;][et_pb_row _builder_version=&#8221;4.25.0&#8243; _module_preset=&#8221;default&#8221; width=&#8221;90%&#8221; custom_padding=&#8221;||0px||false|false&#8221; locked=&#8221;off&#8221; global_colors_info=&#8221;{}&#8221;][et_pb_column type=&#8221;4_4&#8243; _builder_version=&#8221;4.24.0&#8243; _module_preset=&#8221;default&#8221; global_colors_info=&#8221;{}&#8221;][et_pb_text _builder_version=&#8221;4.27.4&#8243; _module_preset=&#8221;default&#8221; header_font=&#8221;Libre Caslon Display||||||||&#8221; header_text_align=&#8221;center&#8221; header_text_color=&#8221;#000000&#8243; header_font_size=&#8221;70px&#8221; hover_enabled=&#8221;0&#8243; global_colors_info=&#8221;{}&#8221; sticky_enabled=&#8221;0&#8243;]<\/p>\n<h1><strong>Pol\u00edtica de Privacidad<\/strong><\/h1>\n<p>[\/et_pb_text][\/et_pb_column][\/et_pb_row][et_pb_row _builder_version=&#8221;4.25.0&#8243; _module_preset=&#8221;default&#8221; global_colors_info=&#8221;{}&#8221;][et_pb_column type=&#8221;4_4&#8243; _builder_version=&#8221;4.25.0&#8243; _module_preset=&#8221;default&#8221; global_colors_info=&#8221;{}&#8221;][et_pb_text _builder_version=&#8221;4.27.4&#8243; _module_preset=&#8221;default&#8221; text_font=&#8221;Karla||||||||&#8221; hover_enabled=&#8221;0&#8243; global_colors_info=&#8221;{}&#8221; sticky_enabled=&#8221;0&#8243;]<\/p>\n<h2><strong>PROTECCI\u00d3N DE DATOS DE CAR\u00c1CTER PERSONAL<\/strong><\/h2>\n<p>DEULONDER informa a los usuarios de su p\u00e1gina web <a href=\"http:\/\/www.deulonder.es\">www.deulonder.es<\/a> a trav\u00e9s de esta Pol\u00edtica de Privacidad sobre el tratamiento y protecci\u00f3n de los datos de car\u00e1cter personal de los usuarios que puedan ser recabados mediante su navegaci\u00f3n o contrataci\u00f3n de servicios que realicen en este portal. El uso de esta web por parte del usuario conlleva la aceptaci\u00f3n por su parte de esta Pol\u00edtica de Privacidad.<\/p>\n<p>DEULONDER adopta las medidas necesarias para garantizar la seguridad, integridad y confidencialidad de los datos conforme a lo establecido en el Reglamento (UE) 2016\/679 del Parlamento Europeo y del Consejo, de 27 de abril de 2016, relativo a la protecci\u00f3n de las personas f\u00edsicas en lo que respecta al tratamiento de datos personales y a la libre circulaci\u00f3n de los mismos, y en aquello no previsto por \u00e9ste por la Ley Org\u00e1nica 3\/2018 de 5 de diciembre, de Protecci\u00f3n de Datos Personales y garant\u00eda de los derechos digitales, y la Ley 34\/2002, de 11 de julio, de Servicios de la Sociedad de la Informaci\u00f3n y de Comercio Electr\u00f3nico.<\/p>\n<p>Mediante los formularios de registro del presente sitio web o el env\u00edo de correo electr\u00f3nico se recogen y tratan datos personales de cada usuario que son necesarios para la gesti\u00f3n y mantenimiento de algunos de los servicios prestados y cuyo tratamiento se rige por la presente Pol\u00edtica de Privacidad.<\/p>\n<p>&nbsp;<\/p>\n<h2><strong>RESPONSABLE DEL TRATAMIENTO DE LOS DATOS PERSONALES<\/strong><\/h2>\n<p>El responsable del tratamiento de los datos personales que el usuario facilite al acceder y utilizar el sitio web, es, en calidad de propietario, DEULONDER ARQUITECTURA DOM\u00c8STICA S.L, con CIF B-67155622 y con domicilio social en Muntaner, 231 4\u00ba 2\u00aa Esc A, inscrita en el Registro Mercantil de Barcelona, Tomo 46285, Folio 0139, Hoja 515244, tel\u00e9fono 93 201 79 98 \u00a0y correo electr\u00f3nico eva@deulonder.com.<\/p>\n<p>DEULONDER se compromete a aplicar las medidas de seguridad inform\u00e1tica previstas en la normativa citada previamente, con el objetivo de impedir el acceso o uso indebido de los datos, su manipulaci\u00f3n, deterioro o p\u00e9rdida.<\/p>\n<h2><strong>DURACI\u00d3N DEL ALMACENAMIENTO DE LOS DATOS<\/strong><\/h2>\n<p>DEULONDER, como responsable del tratamiento, se compromete a almacenar y gestionar los datos personales e informaci\u00f3n recogida mediante esta p\u00e1gina web con la debida confidencialidad mientras se mantenga la relaci\u00f3n profesional surgida y la persona interesada no solicite su supresi\u00f3n, y en su caso, por un plazo no superior a 5 a\u00f1os, a contar desde la finalizaci\u00f3n de la relaci\u00f3n comercial establecida entre el usuario y DEULONDER. No obstante, el responsable del tratamiento podr\u00e1 conservar, debidamente bloqueados, los datos para atender posibles responsabilidades administrativas o jurisdiccionales.<\/p>\n<p>&nbsp;<\/p>\n<h2><strong>FINALIDADES DEL TRATAMIENTO DE DATOS<\/strong><\/h2>\n<p>Las operaciones, gestiones y procedimientos t\u00e9cnicos, ya sean realizados de forma automatizada como no automatizada, que posibiliten la recogida, almacenamiento, modificaci\u00f3n, transferencia y otras acciones sobre datos de car\u00e1cter personal, tienen la consideraci\u00f3n de tratamiento de datos personales.<\/p>\n<p>En DEULONDER tratamos los datos personales que el usuario nos facilita a trav\u00e9s de www.deulonder.es con el fin de incluirlos en la agenda de contactos, gestionar la relaci\u00f3n comercial solicitada y utilizar as\u00ed esta informaci\u00f3n como medio de contacto. Adem\u00e1s, el tratamiento de estos datos recabados tambi\u00e9n implica:<\/p>\n<ul>\n<li>Gestionar el env\u00edo de la informaci\u00f3n que nos sea solicitada y poder responder a las consultas o cuestiones que el usuario remita a trav\u00e9s del sitio web, facilitando a su vez a los interesados las ofertas de servicios que sean de su inter\u00e9s.<\/li>\n<li>Gestionar sus solicitudes de presupuestos y ofertas personalizadas.<\/li>\n<li>Gestionar la venta de productos y servicios ofertados en nuestro apartado venta y outlet online.<\/li>\n<\/ul>\n<p>Los campos de los registros se deben cumplimentar obligatoriamente para que DEULONDER pueda cumplir con las finalidades mencionadas con anterioridad.<\/p>\n<p>El usuario puede oponerse al env\u00edo de comunicaciones comerciales en cualquier momento mediante el env\u00edo de un mensaje de correo electr\u00f3nico a la direcci\u00f3n indicada supra l\u00edneas.<\/p>\n<p>&nbsp;<\/p>\n<h2><strong>LEGITIMACI\u00d3N PARA EL TRATAMIENTO DE LOS DATOS<\/strong><\/h2>\n<p>El tratamiento de lo datos personales que proporciona el usuario se realiza en base a las siguientes bases jur\u00eddicas que legitiman el mismo.<\/p>\n<p>La contrataci\u00f3n de servicios de DEULONDER y la ejecuci\u00f3n del encargo profesional solicitado, cuyos t\u00e9rminos y condiciones se pondr\u00e1n a disposici\u00f3n del usuario de forma previa a una eventual contrataci\u00f3n. Para poder llevar a cabo esta relaci\u00f3n profesional solicitada, el interesado est\u00e1 obligado a facilitar sus datos.<\/p>\n<p>El consentimiento libre, espec\u00edfico, informado e inequ\u00edvoco, ya que tras la lectura de la presente Pol\u00edtica de Privacidad el usuario queda informado y, en caso de estar conforme, puede aceptarla mediante una declaraci\u00f3n o una clara acci\u00f3n afirmativa, como el marcado de una casilla que se dispone al efecto.<\/p>\n<p>En el caso de que el interesado no facilite los citados datos o \u00e9stos sean err\u00f3neos o inexactos, no podremos atender su solicitud, resultando imposible proporcionarle la informaci\u00f3n solicitada o llevar a cabo la contrataci\u00f3n de los servicios. Por tanto, el responsable del tratamiento, DEULONDER, quedar\u00e1 exonerado de toda responsabilidad que pudiera derivarse de la no ejecuci\u00f3n del encargo profesional o de las consecuencias que se deriven de estas informaciones inexactas o err\u00f3neas.<\/p>\n<h2><strong>COMUNICACI\u00d3N DE DATOS<\/strong><\/h2>\n<p>Con car\u00e1cter general DEULONDER no comunicar\u00e1 estos datos personales a terceros, con la salvedad de que la prestaci\u00f3n de un servicio implique la necesidad de una relaci\u00f3n contractual con un encargado de tratamiento y ello sea estrictamente necesario para gestionar y mantener la relaci\u00f3n entre el usuario y la mencionada empresa, previa autorizaci\u00f3n expresa por parte del usuario. Esto se har\u00e1 s\u00f3lo durante el tiempo imprescindible para posibilitar la ejecuci\u00f3n del contrato de encargo, y en las mismas condiciones y con las mismas responsabilidad que se le exigen al responsable. Una vez finalizado el encargo, el encargado del tratamiento devolver\u00e1 al<\/p>\n<p>Responsable los datos personales y suprimir\u00e1 cualquier copia de la que disponga.<\/p>\n<p>Por otra parte, s\u00f3lo tendr\u00e1n derecho a acceder a estos datos personales los terceros con los que DEULONDER tenga una obligaci\u00f3n legal o contractual de facilitarlos, entre los que se incluyen, por ejemplo, el Defensor del Pueblo y Jueces y Tribunales interesados en los procedimientos relacionados con las reclamaciones presentadas.<\/p>\n<p>&nbsp;<\/p>\n<h2><strong>DERECHOS DE LOS INTERESADOS<\/strong><\/h2>\n<p>El usuario podr\u00e1 ejercitar en todo momento, en los t\u00e9rminos establecidos en la legislaci\u00f3n vigente, los derechos de acceso, rectificaci\u00f3n o supresi\u00f3n de datos, solicitar que se limite el tratamiento, oponerse al mismo, solicitar la portabilidad de sus datos, as\u00ed como revocar el consentimiento prestado, derechos reconocidos en el citado Reglamento (UE). El ejercicio de estos derechos puede realizarlo el propio usuario dirigi\u00e9ndose a DEULONDER en la direcci\u00f3n de su sede social indicada anteriormente; o a trav\u00e9s del env\u00edo de un correo electr\u00f3nico a la siguiente direcci\u00f3n <a href=\"mailto:deulonder@deulonder.com\">deulonder@deulonder.com<\/a><\/p>\n<p>Para el efectivo ejercicio de estos derechos, el usuario deber\u00e1 acreditar su identidad facilitando su nombre y apellidos, fotocopia del DNI o documento identificativo equivalente que acredite su identidad, petici\u00f3n en la que se concrete la solicitud, direcci\u00f3n a efectos de notificaciones, y fecha y firma del solicitante.<\/p>\n<p>Asimismo, el usuario podr\u00e1 reclamar ante la Agencia Espa\u00f1ola de Protecci\u00f3n de Datos (Autoridad de Control competente en esta materia), especialmente cuando no haya obtenido satisfacci\u00f3n en el ejercicio de sus derechos, mediante escrito dirigido a misma, C\/Jorge Juan, n\u00ba 6, 28001 &#8211; Madrid, o a trav\u00e9s de la web: <a href=\"https:\/\/www.agpd.es\">https:\/\/www.agpd.es<\/a><\/p>\n<p>&nbsp;<\/p>\n<p>[\/et_pb_text][\/et_pb_column][\/et_pb_row][\/et_pb_section]<\/p>\n","protected":false},"excerpt":{"rendered":"<p>Pol\u00edtica de PrivacidadPROTECCI\u00d3N DE DATOS DE CAR\u00c1CTER PERSONAL DEULONDER informa a los usuarios de su p\u00e1gina web www.deulonder.es a trav\u00e9s de esta Pol\u00edtica de Privacidad sobre el tratamiento y protecci\u00f3n de los datos de car\u00e1cter personal de los usuarios que puedan ser recabados mediante su navegaci\u00f3n o contrataci\u00f3n de servicios que realicen en este portal. [&hellip;]<\/p>\n","protected":false},"author":1,"featured_media":0,"parent":0,"menu_order":0,"comment_status":"closed","ping_status":"closed","template":"","meta":{"_acf_changed":false,"_et_pb_use_builder":"on","_et_pb_old_content":"","_et_gb_content_width":"","inline_featured_image":false,"footnotes":""},"acf":[],"yoast_head":"<!-- This site is optimized with the Yoast SEO plugin v24.0 - https:\/\/yoast.com\/wordpress\/plugins\/seo\/ -->\n<title>Pol\u00edtica de privacidad | Cocinas y planchadores de dise\u00f1o | Deulonder<\/title>\n<meta name=\"robots\" content=\"index, follow, max-snippet:-1, max-image-preview:large, max-video-preview:-1\" \/>\n<link rel=\"canonical\" href=\"https:\/\/www.deulonder.com\/politica-de-privacidad\/\" \/>\n<meta property=\"og:locale\" content=\"ca_ES\" \/>\n<meta property=\"og:type\" content=\"article\" \/>\n<meta property=\"og:title\" content=\"Pol\u00edtica de privacidad | Cocinas y planchadores de dise\u00f1o | Deulonder\" \/>\n<meta property=\"og:description\" content=\"Pol\u00edtica de PrivacidadPROTECCI\u00d3N DE DATOS DE CAR\u00c1CTER PERSONAL DEULONDER informa a los usuarios de su p\u00e1gina web www.deulonder.es a trav\u00e9s de esta Pol\u00edtica de Privacidad sobre el tratamiento y protecci\u00f3n de los datos de car\u00e1cter personal de los usuarios que puedan ser recabados mediante su navegaci\u00f3n o contrataci\u00f3n de servicios que realicen en este portal. [&hellip;]\" \/>\n<meta property=\"og:url\" content=\"https:\/\/www.deulonder.com\/politica-de-privacidad\/\" \/>\n<meta property=\"og:site_name\" content=\"Deulonder part of Gunni &amp; Trentino\" \/>\n<meta property=\"article:modified_time\" content=\"2026-02-09T07:52:01+00:00\" \/>\n<meta property=\"og:image\" content=\"https:\/\/www.deulonder.com\/wp-content\/uploads\/2024\/08\/Master-horizontal-proyectos-deulonder_0000s_0004_Deulonder-Casa-Decor-2019-18_5_11zon.webp\" \/>\n\t<meta property=\"og:image:width\" content=\"1268\" \/>\n\t<meta property=\"og:image:height\" content=\"856\" \/>\n\t<meta property=\"og:image:type\" content=\"image\/webp\" \/>\n<meta name=\"twitter:card\" content=\"summary_large_image\" \/>\n<meta name=\"twitter:label1\" content=\"Temps estimat de lectura\" \/>\n\t<meta name=\"twitter:data1\" content=\"6 minuts\" \/>\n<script type=\"application\/ld+json\" class=\"yoast-schema-graph\">{\"@context\":\"https:\/\/schema.org\",\"@graph\":[{\"@type\":\"WebPage\",\"@id\":\"https:\/\/www.deulonder.com\/politica-de-privacidad\/\",\"url\":\"https:\/\/www.deulonder.com\/politica-de-privacidad\/\",\"name\":\"Pol\u00edtica de privacidad | Cocinas y planchadores de dise\u00f1o | Deulonder\",\"isPartOf\":{\"@id\":\"https:\/\/www.deulonder.com\/#website\"},\"datePublished\":\"2024-05-10T11:03:15+00:00\",\"dateModified\":\"2026-02-09T07:52:01+00:00\",\"breadcrumb\":{\"@id\":\"https:\/\/www.deulonder.com\/politica-de-privacidad\/#breadcrumb\"},\"inLanguage\":\"ca\",\"potentialAction\":[{\"@type\":\"ReadAction\",\"target\":[\"https:\/\/www.deulonder.com\/politica-de-privacidad\/\"]}]},{\"@type\":\"BreadcrumbList\",\"@id\":\"https:\/\/www.deulonder.com\/politica-de-privacidad\/#breadcrumb\",\"itemListElement\":[{\"@type\":\"ListItem\",\"position\":1,\"name\":\"Portada\",\"item\":\"https:\/\/www.deulonder.com\/\"},{\"@type\":\"ListItem\",\"position\":2,\"name\":\"Pol\u00edtica de privacidad\"}]},{\"@type\":\"WebSite\",\"@id\":\"https:\/\/www.deulonder.com\/#website\",\"url\":\"https:\/\/www.deulonder.com\/\",\"name\":\"Deulonder part of Gunni & Trentino\",\"description\":\"Estudio de interiorismo\",\"publisher\":{\"@id\":\"https:\/\/www.deulonder.com\/#organization\"},\"alternateName\":\"Deulonder part of Gunni & Trentino\",\"potentialAction\":[{\"@type\":\"SearchAction\",\"target\":{\"@type\":\"EntryPoint\",\"urlTemplate\":\"https:\/\/www.deulonder.com\/?s={search_term_string}\"},\"query-input\":{\"@type\":\"PropertyValueSpecification\",\"valueRequired\":true,\"valueName\":\"search_term_string\"}}],\"inLanguage\":\"ca\"},{\"@type\":\"Organization\",\"@id\":\"https:\/\/www.deulonder.com\/#organization\",\"name\":\"Deulonder part of Gunni & Trentino\",\"alternateName\":\"Deulonder part of Gunni & Trentino\",\"url\":\"https:\/\/www.deulonder.com\/\",\"logo\":{\"@type\":\"ImageObject\",\"inLanguage\":\"ca\",\"@id\":\"https:\/\/www.deulonder.com\/#\/schema\/logo\/image\/\",\"url\":\"https:\/\/www.deulonder.com\/wp-content\/uploads\/2025\/09\/deulonder-part-of-gunnitrentino-logo.webp\",\"contentUrl\":\"https:\/\/www.deulonder.com\/wp-content\/uploads\/2025\/09\/deulonder-part-of-gunnitrentino-logo.webp\",\"width\":1471,\"height\":176,\"caption\":\"Deulonder part of Gunni & Trentino\"},\"image\":{\"@id\":\"https:\/\/www.deulonder.com\/#\/schema\/logo\/image\/\"}}]}<\/script>\n<!-- \/ Yoast SEO plugin. -->","yoast_head_json":{"title":"Pol\u00edtica de privacidad | Cocinas y planchadores de dise\u00f1o | Deulonder","robots":{"index":"index","follow":"follow","max-snippet":"max-snippet:-1","max-image-preview":"max-image-preview:large","max-video-preview":"max-video-preview:-1"},"canonical":"https:\/\/www.deulonder.com\/politica-de-privacidad\/","og_locale":"ca_ES","og_type":"article","og_title":"Pol\u00edtica de privacidad | Cocinas y planchadores de dise\u00f1o | Deulonder","og_description":"Pol\u00edtica de PrivacidadPROTECCI\u00d3N DE DATOS DE CAR\u00c1CTER PERSONAL DEULONDER informa a los usuarios de su p\u00e1gina web www.deulonder.es a trav\u00e9s de esta Pol\u00edtica de Privacidad sobre el tratamiento y protecci\u00f3n de los datos de car\u00e1cter personal de los usuarios que puedan ser recabados mediante su navegaci\u00f3n o contrataci\u00f3n de servicios que realicen en este portal. [&hellip;]","og_url":"https:\/\/www.deulonder.com\/politica-de-privacidad\/","og_site_name":"Deulonder part of Gunni &amp; Trentino","article_modified_time":"2026-02-09T07:52:01+00:00","og_image":[{"width":1268,"height":856,"url":"https:\/\/www.deulonder.com\/wp-content\/uploads\/2024\/08\/Master-horizontal-proyectos-deulonder_0000s_0004_Deulonder-Casa-Decor-2019-18_5_11zon.webp","type":"image\/webp"}],"twitter_card":"summary_large_image","twitter_misc":{"Temps estimat de lectura":"6 minuts"},"schema":{"@context":"https:\/\/schema.org","@graph":[{"@type":"WebPage","@id":"https:\/\/www.deulonder.com\/politica-de-privacidad\/","url":"https:\/\/www.deulonder.com\/politica-de-privacidad\/","name":"Pol\u00edtica de privacidad | Cocinas y planchadores de dise\u00f1o | Deulonder","isPartOf":{"@id":"https:\/\/www.deulonder.com\/#website"},"datePublished":"2024-05-10T11:03:15+00:00","dateModified":"2026-02-09T07:52:01+00:00","breadcrumb":{"@id":"https:\/\/www.deulonder.com\/politica-de-privacidad\/#breadcrumb"},"inLanguage":"ca","potentialAction":[{"@type":"ReadAction","target":["https:\/\/www.deulonder.com\/politica-de-privacidad\/"]}]},{"@type":"BreadcrumbList","@id":"https:\/\/www.deulonder.com\/politica-de-privacidad\/#breadcrumb","itemListElement":[{"@type":"ListItem","position":1,"name":"Portada","item":"https:\/\/www.deulonder.com\/"},{"@type":"ListItem","position":2,"name":"Pol\u00edtica de privacidad"}]},{"@type":"WebSite","@id":"https:\/\/www.deulonder.com\/#website","url":"https:\/\/www.deulonder.com\/","name":"Deulonder part of Gunni & Trentino","description":"Estudio de interiorismo","publisher":{"@id":"https:\/\/www.deulonder.com\/#organization"},"alternateName":"Deulonder part of Gunni & Trentino","potentialAction":[{"@type":"SearchAction","target":{"@type":"EntryPoint","urlTemplate":"https:\/\/www.deulonder.com\/?s={search_term_string}"},"query-input":{"@type":"PropertyValueSpecification","valueRequired":true,"valueName":"search_term_string"}}],"inLanguage":"ca"},{"@type":"Organization","@id":"https:\/\/www.deulonder.com\/#organization","name":"Deulonder part of Gunni & Trentino","alternateName":"Deulonder part of Gunni & Trentino","url":"https:\/\/www.deulonder.com\/","logo":{"@type":"ImageObject","inLanguage":"ca","@id":"https:\/\/www.deulonder.com\/#\/schema\/logo\/image\/","url":"https:\/\/www.deulonder.com\/wp-content\/uploads\/2025\/09\/deulonder-part-of-gunnitrentino-logo.webp","contentUrl":"https:\/\/www.deulonder.com\/wp-content\/uploads\/2025\/09\/deulonder-part-of-gunnitrentino-logo.webp","width":1471,"height":176,"caption":"Deulonder part of Gunni & Trentino"},"image":{"@id":"https:\/\/www.deulonder.com\/#\/schema\/logo\/image\/"}}]}},"_links":{"self":[{"href":"https:\/\/www.deulonder.com\/ca\/wp-json\/wp\/v2\/pages\/1563"}],"collection":[{"href":"https:\/\/www.deulonder.com\/ca\/wp-json\/wp\/v2\/pages"}],"about":[{"href":"https:\/\/www.deulonder.com\/ca\/wp-json\/wp\/v2\/types\/page"}],"author":[{"embeddable":true,"href":"https:\/\/www.deulonder.com\/ca\/wp-json\/wp\/v2\/users\/1"}],"replies":[{"embeddable":true,"href":"https:\/\/www.deulonder.com\/ca\/wp-json\/wp\/v2\/comments?post=1563"}],"version-history":[{"count":6,"href":"https:\/\/www.deulonder.com\/ca\/wp-json\/wp\/v2\/pages\/1563\/revisions"}],"predecessor-version":[{"id":10107,"href":"https:\/\/www.deulonder.com\/ca\/wp-json\/wp\/v2\/pages\/1563\/revisions\/10107"}],"wp:attachment":[{"href":"https:\/\/www.deulonder.com\/ca\/wp-json\/wp\/v2\/media?parent=1563"}],"curies":[{"name":"wp","href":"https:\/\/api.w.org\/{rel}","templated":true}]}}