{"id":4855,"date":"2024-05-10T12:59:01","date_gmt":"2024-05-10T10:59:01","guid":{"rendered":"https:\/\/www.deulonder.com\/condicions-dus\/"},"modified":"2024-06-05T12:28:28","modified_gmt":"2024-06-05T10:28:28","slug":"condicions-dus","status":"publish","type":"page","link":"https:\/\/www.deulonder.com\/ca\/condicions-dus\/","title":{"rendered":"Condicions d&#8217;\u00fas"},"content":{"rendered":"<p>[et_pb_section fb_built=&#8221;1&#8243; _builder_version=&#8221;4.25.0&#8243; _module_preset=&#8221;default&#8221; custom_padding=&#8221;0px||0px||true|false&#8221; global_colors_info=&#8221;{}&#8221;][et_pb_row _builder_version=&#8221;4.25.0&#8243; _module_preset=&#8221;default&#8221; width=&#8221;90%&#8221; custom_padding=&#8221;||0px||false|false&#8221; locked=&#8221;off&#8221; global_colors_info=&#8221;{}&#8221;][et_pb_column type=&#8221;4_4&#8243; _builder_version=&#8221;4.24.0&#8243; _module_preset=&#8221;default&#8221; global_colors_info=&#8221;{}&#8221;][et_pb_text _builder_version=&#8221;4.25.0&#8243; _module_preset=&#8221;default&#8221; header_font=&#8221;Libre Caslon Display||||||||&#8221; header_text_align=&#8221;center&#8221; header_text_color=&#8221;#000000&#8243; header_font_size=&#8221;70px&#8221; global_colors_info=&#8221;{}&#8221;]<\/p>\n<h1>Termes i condicions d&#8217;\u00fas<\/h1>\n<p>[\/et_pb_text][\/et_pb_column][\/et_pb_row][et_pb_row _builder_version=&#8221;4.25.0&#8243; _module_preset=&#8221;default&#8221; global_colors_info=&#8221;{}&#8221;][et_pb_column type=&#8221;4_4&#8243; _builder_version=&#8221;4.25.0&#8243; _module_preset=&#8221;default&#8221; global_colors_info=&#8221;{}&#8221;][et_pb_text _builder_version=&#8221;4.25.0&#8243; _module_preset=&#8221;default&#8221; text_font=&#8221;Karla||||||||&#8221; global_colors_info=&#8221;{}&#8221;]<\/p>\n<h1><strong>Condiciones generales de uso.<\/strong><\/h1>\n<p><span>Con el fin de cumplir con la legalidad vigente y otorgar seguridad y confianza a todos los usuarios, le informamos, en virtud de la Ley 34\/2002 de Servicios de la Sociedad de la Informaci\u00f3n y de Comercio Electr\u00f3nico, que esta p\u00e1gina Web es propiedad de la DEULONDER, S.A. (en adelante DEULONDER) con C.I.F. n\u00ba A58401746, con domicilio en C\/ Muntaner 231, 4\u00ba 2\u00aa esc. A, cp: 08021, Barcelona e inscrita en el Registro Mercantil de Barcelona, Tomo 34449, Folio 0151, Hoja 70254\/0 Para cualquier consulta o propuesta, cont\u00e1ctenos en el e-mail en\u00a0<a href=\"mailto:deulonder@deulonder.com\">deulonder@deulonder.com<\/a>\u00a0o llamando al tel\u00e9fono + 34 932 017 998.<\/span><\/p>\n<p><span>Esta p\u00e1gina Web se rige por la normativa exclusivamente aplicable en Espa\u00f1a, quedando sometida a ella, tanto nacionales como extranjeros que utilicen esta Web.<\/span><\/p>\n<p><span>El acceso a nuestra p\u00e1gina Web por parte del USUARIO es gratuito y est\u00e1 condicionado a la previa lectura y aceptaci\u00f3n integra, expresa y sin reservas de las presentes CONDICIONES GENERALES DE USO vigentes en el momento del acceso, que rogamos lea detenidamente. El USUARIO en el momento que utiliza nuestro portal, sus contenidos o servicios, acepta y se somete expresamente a las condiciones generales de uso del mismo. Si el usuario no estuviere de acuerdo con las presentes condiciones de uso, deber\u00e1 abstenerse de utilizar este portal y operar por medio del mismo.<\/span><\/p>\n<p><span>El suministro de datos personales y la compra de productos a trav\u00e9s de nuestro portal requiere una edad m\u00ednima de 14 a\u00f1os, o en su caso, disponer de capacidad jur\u00eddica suficiente para contratar.<\/span><\/p>\n<p><span>En cualquier momento podremos modificar la presentaci\u00f3n y configuraci\u00f3n de nuestra Web, ampliar o reducir servicios, e incluso suprimirla de la Red, as\u00ed como los servicios y contenidos prestados, todo ello de forma unilateral y sin previo aviso.<\/span><\/p>\n<p>&nbsp;<\/p>\n<h1><span><strong>Contenido de la web y enlaces.<\/strong><\/span><\/h1>\n<p><span>DEULONDER no se responsabiliza del mal uso que se realice de los contenidos de esta p\u00e1gina web ni de los contenidos de los enlaces de su titularidad que aparecen en su web site, siendo responsabilidad exclusiva de la persona que accede a ellos o los utiliza. Tampoco asume responsabilidad alguna por la informaci\u00f3n contenida en las p\u00e1ginas web de terceros a las que se pueda acceder a trav\u00e9s de enlaces desde la p\u00e1gina\u00a0<a href=\"http:\/\/www.deulonder.com\/\">www.deulonder.com<\/a>\u00a0\u00a0\u00a0\u00a0En el caso de que DEULONDER, tuviera conocimiento efectivo de que la actividad o la informaci\u00f3n a la que remiten estos enlaces es il\u00edcita constitutiva de delito o que puede lesionar bienes o derechos de terceros susceptibles de indemnizaci\u00f3n, actuar\u00e1 con la diligencia necesaria para suprimir o inutilizar el enlace correspondiente a la mayor brevedad posible.<\/span><\/p>\n<p>&nbsp;<\/p>\n<h1><span><strong>Intercambio o difusi\u00f3n de informaci\u00f3n.<\/strong><\/span><\/h1>\n<p><span>\u00a0<\/span><span>DEULONDER declina toda responsabilidad derivada del intercambio de informaci\u00f3n entre usuarios a trav\u00e9s de su p\u00e1gina web. Especialmente no se hace responsable del uso que los menores puedan hacer de ella en caso de que los contenidos a que tengan acceso puedan herir su sensibilidad.<\/span><\/p>\n<p><span>Desde DEULONDER no se garantiza la ausencia de virus y otros elementos que puedan causar da\u00f1os en los sistemas inform\u00e1ticos, los documentos electr\u00f3nicos o los ficheros de usuario de esta p\u00e1gina web o de p\u00e1ginas web de terceros, y no se responsabiliza de los da\u00f1os y perjuicios que se puedan llegar a producir por estos motivos. DEULONDER no responder\u00e1 por cualquier da\u00f1o o perjuicio que se pudiera dar a causa de una circunstancia de fuerza mayor, como: error en las l\u00edneas de comunicaciones, defectos en el Hardware y Software de los usuarios, fallos en la red de Internet (de conexi\u00f3n, en las p\u00e1ginas enlazadas).<\/span><\/p>\n<p>&nbsp;<\/p>\n<h1><span><strong>Condiciones de Acceso.<\/strong><\/span><\/h1>\n<p><span>El acceso a nuestra p\u00e1gina Web es gratuito y no exige previa suscripci\u00f3n o registro. Sin embargo, determinados servicios como la compra de productos requieren facilitar previamente datos personales. Estos servicios quedar\u00e1n debidamente identificados en la Web.<\/span><\/p>\n<p><span>El env\u00edo de datos personales implica la aceptaci\u00f3n expresa por parte del USUARIO de nuestra pol\u00edtica de privacidad.<\/span><\/p>\n<p><span>El usuario debe acceder a nuestra p\u00e1gina Web conforme a la buena fe, las normas de orden p\u00fablico y a las presentes Condiciones Generales de uso. El acceso a nuestro sitio Web se realiza bajo la propia y exclusiva responsabilidad del usuario, que responder\u00e1 en todo caso de los da\u00f1os y perjuicios que pueda causar a terceros o a nosotros mismos.<\/span><\/p>\n<p><span>El usuario tiene expresamente prohibido la utilizaci\u00f3n y obtenci\u00f3n de los servicios, productos y contenidos ofrecidos en la presente p\u00e1gina web, por procedimientos distintos a los estipulados en las presentes condiciones de uso, y en su caso en las condiciones particulares que regulen la adquisici\u00f3n de productos.<\/span><\/p>\n<p><span>DEULONDER se reserva el derecho unilateral y sin preaviso de dar de baja a cualquier USUARIO que la organizaci\u00f3n entienda que ha vulnerado las condiciones que rigen el uso de nuestra p\u00e1gina web, sin que el USUARIO tenga derecho a reclamaci\u00f3n de ning\u00fan tipo por este tipo de acciones. Asimismo, se reserva el derecho de ejercitar las acciones legales oportunas contra aquellos que vulneren las presentes condiciones generales de uso, aceptando el USUARIO que la no iniciaci\u00f3n de estas acciones no constituye una renuncia formal a los mismas, permaneciendo \u00e9stas vigentes hasta los plazos legales de prescripci\u00f3n de las infracciones.<\/span><\/p>\n<p>[\/et_pb_text][\/et_pb_column][\/et_pb_row][\/et_pb_section]<\/p>\n","protected":false},"excerpt":{"rendered":"<p>Termes i condicions d&#8217;\u00fasCondiciones generales de uso. Con el fin de cumplir con la legalidad vigente y otorgar seguridad y confianza a todos los usuarios, le informamos, en virtud de la Ley 34\/2002 de Servicios de la Sociedad de la Informaci\u00f3n y de Comercio Electr\u00f3nico, que esta p\u00e1gina Web es propiedad de la DEULONDER, S.A. [&hellip;]<\/p>\n","protected":false},"author":1,"featured_media":0,"parent":0,"menu_order":0,"comment_status":"closed","ping_status":"closed","template":"","meta":{"_acf_changed":false,"_et_pb_use_builder":"on","_et_pb_old_content":"","_et_gb_content_width":"","inline_featured_image":false,"footnotes":""},"acf":[],"yoast_head":"<!-- This site is optimized with the Yoast SEO plugin v24.0 - https:\/\/yoast.com\/wordpress\/plugins\/seo\/ -->\n<title>Condiciones d&#039;\u00fas - Deulonder<\/title>\n<meta name=\"description\" content=\"Reviseu les condicions d&#039;\u00fas de Deulonder. Informaci\u00f3 sobre termes i pol\u00edtiques per als nostres serveis d\u02bbinteriorisme.\" \/>\n<meta name=\"robots\" content=\"index, follow, max-snippet:-1, max-image-preview:large, max-video-preview:-1\" \/>\n<link rel=\"canonical\" href=\"https:\/\/www.deulonder.com\/terminos-y-condiciones\/\" \/>\n<meta property=\"og:locale\" content=\"ca_ES\" \/>\n<meta property=\"og:type\" content=\"article\" \/>\n<meta property=\"og:title\" content=\"Condiciones d&#039;\u00fas - Deulonder\" \/>\n<meta property=\"og:description\" content=\"Reviseu les condicions d&#039;\u00fas de Deulonder. Informaci\u00f3 sobre termes i pol\u00edtiques per als nostres serveis d\u02bbinteriorisme.\" \/>\n<meta property=\"og:url\" content=\"https:\/\/www.deulonder.com\/terminos-y-condiciones\/\" \/>\n<meta property=\"og:site_name\" content=\"Deulonder part of Gunni &amp; Trentino\" \/>\n<meta property=\"article:modified_time\" content=\"2024-06-05T10:28:28+00:00\" \/>\n<meta property=\"og:image\" content=\"https:\/\/www.deulonder.com\/wp-content\/uploads\/2024\/08\/Master-horizontal-proyectos-deulonder_0000s_0004_Deulonder-Casa-Decor-2019-18_5_11zon.webp\" \/>\n\t<meta property=\"og:image:width\" content=\"1268\" \/>\n\t<meta property=\"og:image:height\" content=\"856\" \/>\n\t<meta property=\"og:image:type\" content=\"image\/webp\" \/>\n<meta name=\"twitter:card\" content=\"summary_large_image\" \/>\n<meta name=\"twitter:label1\" content=\"Temps estimat de lectura\" \/>\n\t<meta name=\"twitter:data1\" content=\"5 minuts\" \/>\n<script type=\"application\/ld+json\" class=\"yoast-schema-graph\">{\"@context\":\"https:\/\/schema.org\",\"@graph\":[{\"@type\":\"WebPage\",\"@id\":\"https:\/\/www.deulonder.com\/terminos-y-condiciones\/\",\"url\":\"https:\/\/www.deulonder.com\/terminos-y-condiciones\/\",\"name\":\"Condiciones d'\u00fas - Deulonder\",\"isPartOf\":{\"@id\":\"https:\/\/www.deulonder.com\/#website\"},\"datePublished\":\"2024-05-10T10:59:01+00:00\",\"dateModified\":\"2024-06-05T10:28:28+00:00\",\"description\":\"Reviseu les condicions d'\u00fas de Deulonder. Informaci\u00f3 sobre termes i pol\u00edtiques per als nostres serveis d\u02bbinteriorisme.\",\"breadcrumb\":{\"@id\":\"https:\/\/www.deulonder.com\/terminos-y-condiciones\/#breadcrumb\"},\"inLanguage\":\"ca\",\"potentialAction\":[{\"@type\":\"ReadAction\",\"target\":[\"https:\/\/www.deulonder.com\/terminos-y-condiciones\/\"]}]},{\"@type\":\"BreadcrumbList\",\"@id\":\"https:\/\/www.deulonder.com\/terminos-y-condiciones\/#breadcrumb\",\"itemListElement\":[{\"@type\":\"ListItem\",\"position\":1,\"name\":\"Portada\",\"item\":\"https:\/\/www.deulonder.com\/\"},{\"@type\":\"ListItem\",\"position\":2,\"name\":\"Condicions d&#8217;\u00fas\"}]},{\"@type\":\"WebSite\",\"@id\":\"https:\/\/www.deulonder.com\/#website\",\"url\":\"https:\/\/www.deulonder.com\/\",\"name\":\"Deulonder part of Gunni & Trentino\",\"description\":\"Estudio de interiorismo\",\"publisher\":{\"@id\":\"https:\/\/www.deulonder.com\/#organization\"},\"alternateName\":\"Deulonder part of Gunni & Trentino\",\"potentialAction\":[{\"@type\":\"SearchAction\",\"target\":{\"@type\":\"EntryPoint\",\"urlTemplate\":\"https:\/\/www.deulonder.com\/?s={search_term_string}\"},\"query-input\":{\"@type\":\"PropertyValueSpecification\",\"valueRequired\":true,\"valueName\":\"search_term_string\"}}],\"inLanguage\":\"ca\"},{\"@type\":\"Organization\",\"@id\":\"https:\/\/www.deulonder.com\/#organization\",\"name\":\"Deulonder part of Gunni & Trentino\",\"alternateName\":\"Deulonder part of Gunni & Trentino\",\"url\":\"https:\/\/www.deulonder.com\/\",\"logo\":{\"@type\":\"ImageObject\",\"inLanguage\":\"ca\",\"@id\":\"https:\/\/www.deulonder.com\/#\/schema\/logo\/image\/\",\"url\":\"https:\/\/www.deulonder.com\/wp-content\/uploads\/2025\/09\/deulonder-part-of-gunnitrentino-logo.webp\",\"contentUrl\":\"https:\/\/www.deulonder.com\/wp-content\/uploads\/2025\/09\/deulonder-part-of-gunnitrentino-logo.webp\",\"width\":1471,\"height\":176,\"caption\":\"Deulonder part of Gunni & Trentino\"},\"image\":{\"@id\":\"https:\/\/www.deulonder.com\/#\/schema\/logo\/image\/\"}}]}<\/script>\n<!-- \/ Yoast SEO plugin. -->","yoast_head_json":{"title":"Condiciones d'\u00fas - Deulonder","description":"Reviseu les condicions d'\u00fas de Deulonder. Informaci\u00f3 sobre termes i pol\u00edtiques per als nostres serveis d\u02bbinteriorisme.","robots":{"index":"index","follow":"follow","max-snippet":"max-snippet:-1","max-image-preview":"max-image-preview:large","max-video-preview":"max-video-preview:-1"},"canonical":"https:\/\/www.deulonder.com\/terminos-y-condiciones\/","og_locale":"ca_ES","og_type":"article","og_title":"Condiciones d'\u00fas - Deulonder","og_description":"Reviseu les condicions d'\u00fas de Deulonder. Informaci\u00f3 sobre termes i pol\u00edtiques per als nostres serveis d\u02bbinteriorisme.","og_url":"https:\/\/www.deulonder.com\/terminos-y-condiciones\/","og_site_name":"Deulonder part of Gunni &amp; Trentino","article_modified_time":"2024-06-05T10:28:28+00:00","og_image":[{"width":1268,"height":856,"url":"https:\/\/www.deulonder.com\/wp-content\/uploads\/2024\/08\/Master-horizontal-proyectos-deulonder_0000s_0004_Deulonder-Casa-Decor-2019-18_5_11zon.webp","type":"image\/webp"}],"twitter_card":"summary_large_image","twitter_misc":{"Temps estimat de lectura":"5 minuts"},"schema":{"@context":"https:\/\/schema.org","@graph":[{"@type":"WebPage","@id":"https:\/\/www.deulonder.com\/terminos-y-condiciones\/","url":"https:\/\/www.deulonder.com\/terminos-y-condiciones\/","name":"Condiciones d'\u00fas - Deulonder","isPartOf":{"@id":"https:\/\/www.deulonder.com\/#website"},"datePublished":"2024-05-10T10:59:01+00:00","dateModified":"2024-06-05T10:28:28+00:00","description":"Reviseu les condicions d'\u00fas de Deulonder. Informaci\u00f3 sobre termes i pol\u00edtiques per als nostres serveis d\u02bbinteriorisme.","breadcrumb":{"@id":"https:\/\/www.deulonder.com\/terminos-y-condiciones\/#breadcrumb"},"inLanguage":"ca","potentialAction":[{"@type":"ReadAction","target":["https:\/\/www.deulonder.com\/terminos-y-condiciones\/"]}]},{"@type":"BreadcrumbList","@id":"https:\/\/www.deulonder.com\/terminos-y-condiciones\/#breadcrumb","itemListElement":[{"@type":"ListItem","position":1,"name":"Portada","item":"https:\/\/www.deulonder.com\/"},{"@type":"ListItem","position":2,"name":"Condicions d&#8217;\u00fas"}]},{"@type":"WebSite","@id":"https:\/\/www.deulonder.com\/#website","url":"https:\/\/www.deulonder.com\/","name":"Deulonder part of Gunni & Trentino","description":"Estudio de interiorismo","publisher":{"@id":"https:\/\/www.deulonder.com\/#organization"},"alternateName":"Deulonder part of Gunni & Trentino","potentialAction":[{"@type":"SearchAction","target":{"@type":"EntryPoint","urlTemplate":"https:\/\/www.deulonder.com\/?s={search_term_string}"},"query-input":{"@type":"PropertyValueSpecification","valueRequired":true,"valueName":"search_term_string"}}],"inLanguage":"ca"},{"@type":"Organization","@id":"https:\/\/www.deulonder.com\/#organization","name":"Deulonder part of Gunni & Trentino","alternateName":"Deulonder part of Gunni & Trentino","url":"https:\/\/www.deulonder.com\/","logo":{"@type":"ImageObject","inLanguage":"ca","@id":"https:\/\/www.deulonder.com\/#\/schema\/logo\/image\/","url":"https:\/\/www.deulonder.com\/wp-content\/uploads\/2025\/09\/deulonder-part-of-gunnitrentino-logo.webp","contentUrl":"https:\/\/www.deulonder.com\/wp-content\/uploads\/2025\/09\/deulonder-part-of-gunnitrentino-logo.webp","width":1471,"height":176,"caption":"Deulonder part of Gunni & Trentino"},"image":{"@id":"https:\/\/www.deulonder.com\/#\/schema\/logo\/image\/"}}]}},"_links":{"self":[{"href":"https:\/\/www.deulonder.com\/ca\/wp-json\/wp\/v2\/pages\/4855"}],"collection":[{"href":"https:\/\/www.deulonder.com\/ca\/wp-json\/wp\/v2\/pages"}],"about":[{"href":"https:\/\/www.deulonder.com\/ca\/wp-json\/wp\/v2\/types\/page"}],"author":[{"embeddable":true,"href":"https:\/\/www.deulonder.com\/ca\/wp-json\/wp\/v2\/users\/1"}],"replies":[{"embeddable":true,"href":"https:\/\/www.deulonder.com\/ca\/wp-json\/wp\/v2\/comments?post=4855"}],"version-history":[{"count":2,"href":"https:\/\/www.deulonder.com\/ca\/wp-json\/wp\/v2\/pages\/4855\/revisions"}],"predecessor-version":[{"id":4857,"href":"https:\/\/www.deulonder.com\/ca\/wp-json\/wp\/v2\/pages\/4855\/revisions\/4857"}],"wp:attachment":[{"href":"https:\/\/www.deulonder.com\/ca\/wp-json\/wp\/v2\/media?parent=4855"}],"curies":[{"name":"wp","href":"https:\/\/api.w.org\/{rel}","templated":true}]}}