{"id":9860,"date":"2026-02-02T16:27:29","date_gmt":"2026-02-02T15:27:29","guid":{"rendered":"https:\/\/www.deulonder.com\/?post_type=product&#038;p=9860"},"modified":"2026-02-09T15:10:49","modified_gmt":"2026-02-09T14:10:49","slug":"cocina-inglesa","status":"publish","type":"product","link":"https:\/\/www.deulonder.com\/ca\/producto\/cocina-inglesa\/","title":{"rendered":"Cocina Inglesa"},"content":{"rendered":"<p><span style=\"font-weight: 400;\">Cocina de estilo ingl\u00e9s, con muebles pintados a mano y pincelada visible. Estructura con montantes anchos y patas vistas. Cajones de roble ensamblados en cola de milano. Interiores de madera natural. Encimera y fregadero en Dekton con acabado imitaci\u00f3n m\u00e1rmol. Estante decorativo con cartelas de lat\u00f3n. Sistema de regulaci\u00f3n de estanter\u00edas de inspiraci\u00f3n cl\u00e1sica. Bisagras y tiradores de lat\u00f3n vistos.<\/span><\/p>\n<p>&nbsp;<\/p>\n<p>NO INCLUIDO<\/p>\n<ul>\n<li>2 Apliques con brazo: <span style=\"text-decoration: line-through;\">3.056,67 \u20ac<\/span> <strong>1.834,00 \u20ac + IVA<\/strong><\/li>\n<li>Lampara de pi\u00e9 La Maison: <span style=\"text-decoration: line-through;\">565,00 \u20ac<\/span> <strong>339,00 \u20ac + IVA<\/strong><\/li>\n<\/ul>\n<p>&nbsp;<\/p>\n","protected":false},"excerpt":{"rendered":"<p>Cocina de estilo ingl\u00e9s, con muebles pintados a mano y pincelada visible. Estructura con montantes anchos y patas vistas. Cajones de roble ensamblados en cola de milano. Interiores de madera natural. Encimera y fregadero en Dekton con acabado imitaci\u00f3n m\u00e1rmol. Estante decorativo con cartelas de lat\u00f3n. Sistema de regulaci\u00f3n de estanter\u00edas de inspiraci\u00f3n cl\u00e1sica. Bisagras [&hellip;]<\/p>\n","protected":false},"featured_media":9863,"comment_status":"open","ping_status":"closed","template":"","meta":{"_acf_changed":false,"_et_pb_use_builder":"","_et_pb_old_content":"","_et_gb_content_width":"","inline_featured_image":false},"product_cat":[150],"product_tag":[],"acf":[],"yoast_head":"<!-- This site is optimized with the Yoast SEO plugin v24.0 - https:\/\/yoast.com\/wordpress\/plugins\/seo\/ -->\n<title>Cocina Inglesa - Deulonder part of Gunni &amp; Trentino<\/title>\n<meta name=\"robots\" content=\"index, follow, max-snippet:-1, max-image-preview:large, max-video-preview:-1\" \/>\n<link rel=\"canonical\" href=\"https:\/\/www.deulonder.com\/producto\/cocina-inglesa\/\" \/>\n<meta property=\"og:locale\" content=\"ca_ES\" \/>\n<meta property=\"og:type\" content=\"article\" \/>\n<meta property=\"og:title\" content=\"Cocina Inglesa - Deulonder part of Gunni &amp; Trentino\" \/>\n<meta property=\"og:description\" content=\"Cocina de estilo ingl\u00e9s, con muebles pintados a mano y pincelada visible. Estructura con montantes anchos y patas vistas. Cajones de roble ensamblados en cola de milano. Interiores de madera natural. Encimera y fregadero en Dekton con acabado imitaci\u00f3n m\u00e1rmol. Estante decorativo con cartelas de lat\u00f3n. Sistema de regulaci\u00f3n de estanter\u00edas de inspiraci\u00f3n cl\u00e1sica. Bisagras [&hellip;]\" \/>\n<meta property=\"og:url\" content=\"https:\/\/www.deulonder.com\/producto\/cocina-inglesa\/\" \/>\n<meta property=\"og:site_name\" content=\"Deulonder part of Gunni &amp; Trentino\" \/>\n<meta property=\"article:modified_time\" content=\"2026-02-09T14:10:49+00:00\" \/>\n<meta property=\"og:image\" content=\"https:\/\/www.deulonder.com\/wp-content\/uploads\/2026\/02\/MG_1483_MG_1483-1.jpg\" \/>\n\t<meta property=\"og:image:width\" content=\"1920\" \/>\n\t<meta property=\"og:image:height\" content=\"1321\" \/>\n\t<meta property=\"og:image:type\" content=\"image\/jpeg\" \/>\n<meta name=\"twitter:card\" content=\"summary_large_image\" \/>\n<meta name=\"twitter:label1\" content=\"Temps estimat de lectura\" \/>\n\t<meta name=\"twitter:data1\" content=\"1 minut\" \/>\n<script type=\"application\/ld+json\" class=\"yoast-schema-graph\">{\"@context\":\"https:\/\/schema.org\",\"@graph\":[{\"@type\":\"WebPage\",\"@id\":\"https:\/\/www.deulonder.com\/producto\/cocina-inglesa\/\",\"url\":\"https:\/\/www.deulonder.com\/producto\/cocina-inglesa\/\",\"name\":\"Cocina Inglesa - Deulonder part of Gunni &amp; Trentino\",\"isPartOf\":{\"@id\":\"https:\/\/www.deulonder.com\/#website\"},\"primaryImageOfPage\":{\"@id\":\"https:\/\/www.deulonder.com\/producto\/cocina-inglesa\/#primaryimage\"},\"image\":{\"@id\":\"https:\/\/www.deulonder.com\/producto\/cocina-inglesa\/#primaryimage\"},\"thumbnailUrl\":\"https:\/\/www.deulonder.com\/wp-content\/uploads\/2026\/02\/MG_1483_MG_1483-1.jpg\",\"datePublished\":\"2026-02-02T15:27:29+00:00\",\"dateModified\":\"2026-02-09T14:10:49+00:00\",\"breadcrumb\":{\"@id\":\"https:\/\/www.deulonder.com\/producto\/cocina-inglesa\/#breadcrumb\"},\"inLanguage\":\"ca\",\"potentialAction\":[{\"@type\":\"ReadAction\",\"target\":[\"https:\/\/www.deulonder.com\/producto\/cocina-inglesa\/\"]}]},{\"@type\":\"ImageObject\",\"inLanguage\":\"ca\",\"@id\":\"https:\/\/www.deulonder.com\/producto\/cocina-inglesa\/#primaryimage\",\"url\":\"https:\/\/www.deulonder.com\/wp-content\/uploads\/2026\/02\/MG_1483_MG_1483-1.jpg\",\"contentUrl\":\"https:\/\/www.deulonder.com\/wp-content\/uploads\/2026\/02\/MG_1483_MG_1483-1.jpg\",\"width\":1920,\"height\":1321},{\"@type\":\"BreadcrumbList\",\"@id\":\"https:\/\/www.deulonder.com\/producto\/cocina-inglesa\/#breadcrumb\",\"itemListElement\":[{\"@type\":\"ListItem\",\"position\":1,\"name\":\"Portada\",\"item\":\"https:\/\/www.deulonder.com\/\"},{\"@type\":\"ListItem\",\"position\":2,\"name\":\"Venta i outlet\",\"item\":\"https:\/\/www.deulonder.com\/venta-y-outlet\/\"},{\"@type\":\"ListItem\",\"position\":3,\"name\":\"Cocina Inglesa\"}]},{\"@type\":\"WebSite\",\"@id\":\"https:\/\/www.deulonder.com\/#website\",\"url\":\"https:\/\/www.deulonder.com\/\",\"name\":\"Deulonder part of Gunni & Trentino\",\"description\":\"Estudio de interiorismo\",\"publisher\":{\"@id\":\"https:\/\/www.deulonder.com\/#organization\"},\"alternateName\":\"Deulonder part of Gunni & Trentino\",\"potentialAction\":[{\"@type\":\"SearchAction\",\"target\":{\"@type\":\"EntryPoint\",\"urlTemplate\":\"https:\/\/www.deulonder.com\/?s={search_term_string}\"},\"query-input\":{\"@type\":\"PropertyValueSpecification\",\"valueRequired\":true,\"valueName\":\"search_term_string\"}}],\"inLanguage\":\"ca\"},{\"@type\":\"Organization\",\"@id\":\"https:\/\/www.deulonder.com\/#organization\",\"name\":\"Deulonder part of Gunni & Trentino\",\"alternateName\":\"Deulonder part of Gunni & Trentino\",\"url\":\"https:\/\/www.deulonder.com\/\",\"logo\":{\"@type\":\"ImageObject\",\"inLanguage\":\"ca\",\"@id\":\"https:\/\/www.deulonder.com\/#\/schema\/logo\/image\/\",\"url\":\"https:\/\/www.deulonder.com\/wp-content\/uploads\/2025\/09\/deulonder-part-of-gunnitrentino-logo.webp\",\"contentUrl\":\"https:\/\/www.deulonder.com\/wp-content\/uploads\/2025\/09\/deulonder-part-of-gunnitrentino-logo.webp\",\"width\":1471,\"height\":176,\"caption\":\"Deulonder part of Gunni & Trentino\"},\"image\":{\"@id\":\"https:\/\/www.deulonder.com\/#\/schema\/logo\/image\/\"}}]}<\/script>\n<!-- \/ Yoast SEO plugin. -->","yoast_head_json":{"title":"Cocina Inglesa - Deulonder part of Gunni &amp; Trentino","robots":{"index":"index","follow":"follow","max-snippet":"max-snippet:-1","max-image-preview":"max-image-preview:large","max-video-preview":"max-video-preview:-1"},"canonical":"https:\/\/www.deulonder.com\/producto\/cocina-inglesa\/","og_locale":"ca_ES","og_type":"article","og_title":"Cocina Inglesa - Deulonder part of Gunni &amp; Trentino","og_description":"Cocina de estilo ingl\u00e9s, con muebles pintados a mano y pincelada visible. Estructura con montantes anchos y patas vistas. Cajones de roble ensamblados en cola de milano. Interiores de madera natural. Encimera y fregadero en Dekton con acabado imitaci\u00f3n m\u00e1rmol. Estante decorativo con cartelas de lat\u00f3n. Sistema de regulaci\u00f3n de estanter\u00edas de inspiraci\u00f3n cl\u00e1sica. Bisagras [&hellip;]","og_url":"https:\/\/www.deulonder.com\/producto\/cocina-inglesa\/","og_site_name":"Deulonder part of Gunni &amp; Trentino","article_modified_time":"2026-02-09T14:10:49+00:00","og_image":[{"width":1920,"height":1321,"url":"https:\/\/www.deulonder.com\/wp-content\/uploads\/2026\/02\/MG_1483_MG_1483-1.jpg","type":"image\/jpeg"}],"twitter_card":"summary_large_image","twitter_misc":{"Temps estimat de lectura":"1 minut"},"schema":{"@context":"https:\/\/schema.org","@graph":[{"@type":"WebPage","@id":"https:\/\/www.deulonder.com\/producto\/cocina-inglesa\/","url":"https:\/\/www.deulonder.com\/producto\/cocina-inglesa\/","name":"Cocina Inglesa - Deulonder part of Gunni &amp; Trentino","isPartOf":{"@id":"https:\/\/www.deulonder.com\/#website"},"primaryImageOfPage":{"@id":"https:\/\/www.deulonder.com\/producto\/cocina-inglesa\/#primaryimage"},"image":{"@id":"https:\/\/www.deulonder.com\/producto\/cocina-inglesa\/#primaryimage"},"thumbnailUrl":"https:\/\/www.deulonder.com\/wp-content\/uploads\/2026\/02\/MG_1483_MG_1483-1.jpg","datePublished":"2026-02-02T15:27:29+00:00","dateModified":"2026-02-09T14:10:49+00:00","breadcrumb":{"@id":"https:\/\/www.deulonder.com\/producto\/cocina-inglesa\/#breadcrumb"},"inLanguage":"ca","potentialAction":[{"@type":"ReadAction","target":["https:\/\/www.deulonder.com\/producto\/cocina-inglesa\/"]}]},{"@type":"ImageObject","inLanguage":"ca","@id":"https:\/\/www.deulonder.com\/producto\/cocina-inglesa\/#primaryimage","url":"https:\/\/www.deulonder.com\/wp-content\/uploads\/2026\/02\/MG_1483_MG_1483-1.jpg","contentUrl":"https:\/\/www.deulonder.com\/wp-content\/uploads\/2026\/02\/MG_1483_MG_1483-1.jpg","width":1920,"height":1321},{"@type":"BreadcrumbList","@id":"https:\/\/www.deulonder.com\/producto\/cocina-inglesa\/#breadcrumb","itemListElement":[{"@type":"ListItem","position":1,"name":"Portada","item":"https:\/\/www.deulonder.com\/"},{"@type":"ListItem","position":2,"name":"Venta i outlet","item":"https:\/\/www.deulonder.com\/venta-y-outlet\/"},{"@type":"ListItem","position":3,"name":"Cocina Inglesa"}]},{"@type":"WebSite","@id":"https:\/\/www.deulonder.com\/#website","url":"https:\/\/www.deulonder.com\/","name":"Deulonder part of Gunni & Trentino","description":"Estudio de interiorismo","publisher":{"@id":"https:\/\/www.deulonder.com\/#organization"},"alternateName":"Deulonder part of Gunni & Trentino","potentialAction":[{"@type":"SearchAction","target":{"@type":"EntryPoint","urlTemplate":"https:\/\/www.deulonder.com\/?s={search_term_string}"},"query-input":{"@type":"PropertyValueSpecification","valueRequired":true,"valueName":"search_term_string"}}],"inLanguage":"ca"},{"@type":"Organization","@id":"https:\/\/www.deulonder.com\/#organization","name":"Deulonder part of Gunni & Trentino","alternateName":"Deulonder part of Gunni & Trentino","url":"https:\/\/www.deulonder.com\/","logo":{"@type":"ImageObject","inLanguage":"ca","@id":"https:\/\/www.deulonder.com\/#\/schema\/logo\/image\/","url":"https:\/\/www.deulonder.com\/wp-content\/uploads\/2025\/09\/deulonder-part-of-gunnitrentino-logo.webp","contentUrl":"https:\/\/www.deulonder.com\/wp-content\/uploads\/2025\/09\/deulonder-part-of-gunnitrentino-logo.webp","width":1471,"height":176,"caption":"Deulonder part of Gunni & Trentino"},"image":{"@id":"https:\/\/www.deulonder.com\/#\/schema\/logo\/image\/"}}]}},"_links":{"self":[{"href":"https:\/\/www.deulonder.com\/ca\/wp-json\/wp\/v2\/product\/9860"}],"collection":[{"href":"https:\/\/www.deulonder.com\/ca\/wp-json\/wp\/v2\/product"}],"about":[{"href":"https:\/\/www.deulonder.com\/ca\/wp-json\/wp\/v2\/types\/product"}],"replies":[{"embeddable":true,"href":"https:\/\/www.deulonder.com\/ca\/wp-json\/wp\/v2\/comments?post=9860"}],"wp:featuredmedia":[{"embeddable":true,"href":"https:\/\/www.deulonder.com\/ca\/wp-json\/wp\/v2\/media\/9863"}],"wp:attachment":[{"href":"https:\/\/www.deulonder.com\/ca\/wp-json\/wp\/v2\/media?parent=9860"}],"wp:term":[{"taxonomy":"product_cat","embeddable":true,"href":"https:\/\/www.deulonder.com\/ca\/wp-json\/wp\/v2\/product_cat?post=9860"},{"taxonomy":"product_tag","embeddable":true,"href":"https:\/\/www.deulonder.com\/ca\/wp-json\/wp\/v2\/product_tag?post=9860"}],"curies":[{"name":"wp","href":"https:\/\/api.w.org\/{rel}","templated":true}]}}