{"id":8307,"date":"2024-11-15T12:18:23","date_gmt":"2024-11-15T11:18:23","guid":{"rendered":"https:\/\/www.deulonder.com\/?post_type=product&#038;p=8307"},"modified":"2026-02-02T16:55:27","modified_gmt":"2026-02-02T15:55:27","slug":"horno-wolf","status":"publish","type":"product","link":"https:\/\/www.deulonder.com\/en\/producto\/horno-wolf\/","title":{"rendered":"Horno Wolf"},"content":{"rendered":"<p>Horno empotrable 76 cm inox Profesional Convecci\u00f3n dual.<\/p>\n","protected":false},"excerpt":{"rendered":"<p>Horno empotrable 76 cm inox Profesional Convecci\u00f3n dual.<br \/>\nLimpieza Pirol\u00edtica<br \/>\n10 modos de cocci\u00f3n<br \/>\nCapacidad 111 litros<\/p>\n","protected":false},"featured_media":8308,"comment_status":"open","ping_status":"closed","template":"","meta":{"_acf_changed":false,"_et_pb_use_builder":"","_et_pb_old_content":"","_et_gb_content_width":"","inline_featured_image":false},"product_cat":[34],"product_tag":[127],"acf":[],"yoast_head":"<!-- This site is optimized with the Yoast SEO plugin v24.0 - https:\/\/yoast.com\/wordpress\/plugins\/seo\/ -->\n<title>Horno Wolf - Deulonder part of Gunni &amp; Trentino<\/title>\n<meta name=\"robots\" content=\"index, follow, max-snippet:-1, max-image-preview:large, max-video-preview:-1\" \/>\n<link rel=\"canonical\" href=\"https:\/\/www.deulonder.com\/producto\/horno-wolf\/\" \/>\n<meta property=\"og:locale\" content=\"en_US\" \/>\n<meta property=\"og:type\" content=\"article\" \/>\n<meta property=\"og:title\" content=\"Horno Wolf - Deulonder part of Gunni &amp; Trentino\" \/>\n<meta property=\"og:description\" content=\"Horno empotrable 76 cm inox Profesional Convecci\u00f3n dual. Limpieza Pirol\u00edtica 10 modos de cocci\u00f3n Capacidad 111 litros\" \/>\n<meta property=\"og:url\" content=\"https:\/\/www.deulonder.com\/producto\/horno-wolf\/\" \/>\n<meta property=\"og:site_name\" content=\"Deulonder part of Gunni &amp; Trentino\" \/>\n<meta property=\"article:modified_time\" content=\"2026-02-02T15:55:27+00:00\" \/>\n<meta property=\"og:image\" content=\"https:\/\/www.deulonder.com\/wp-content\/uploads\/2024\/11\/MASTER-OUTLET-CUADRADO-1.jpg\" \/>\n\t<meta property=\"og:image:width\" content=\"720\" \/>\n\t<meta property=\"og:image:height\" content=\"720\" \/>\n\t<meta property=\"og:image:type\" content=\"image\/jpeg\" \/>\n<meta name=\"twitter:card\" content=\"summary_large_image\" \/>\n<meta name=\"twitter:label1\" content=\"Est. reading time\" \/>\n\t<meta name=\"twitter:data1\" content=\"1 minute\" \/>\n<script type=\"application\/ld+json\" class=\"yoast-schema-graph\">{\"@context\":\"https:\/\/schema.org\",\"@graph\":[{\"@type\":\"WebPage\",\"@id\":\"https:\/\/www.deulonder.com\/producto\/horno-wolf\/\",\"url\":\"https:\/\/www.deulonder.com\/producto\/horno-wolf\/\",\"name\":\"Horno Wolf - Deulonder part of Gunni &amp; Trentino\",\"isPartOf\":{\"@id\":\"https:\/\/www.deulonder.com\/#website\"},\"primaryImageOfPage\":{\"@id\":\"https:\/\/www.deulonder.com\/producto\/horno-wolf\/#primaryimage\"},\"image\":{\"@id\":\"https:\/\/www.deulonder.com\/producto\/horno-wolf\/#primaryimage\"},\"thumbnailUrl\":\"https:\/\/www.deulonder.com\/wp-content\/uploads\/2024\/11\/MASTER-OUTLET-CUADRADO-1.jpg\",\"datePublished\":\"2024-11-15T11:18:23+00:00\",\"dateModified\":\"2026-02-02T15:55:27+00:00\",\"breadcrumb\":{\"@id\":\"https:\/\/www.deulonder.com\/producto\/horno-wolf\/#breadcrumb\"},\"inLanguage\":\"en-US\",\"potentialAction\":[{\"@type\":\"ReadAction\",\"target\":[\"https:\/\/www.deulonder.com\/producto\/horno-wolf\/\"]}]},{\"@type\":\"ImageObject\",\"inLanguage\":\"en-US\",\"@id\":\"https:\/\/www.deulonder.com\/producto\/horno-wolf\/#primaryimage\",\"url\":\"https:\/\/www.deulonder.com\/wp-content\/uploads\/2024\/11\/MASTER-OUTLET-CUADRADO-1.jpg\",\"contentUrl\":\"https:\/\/www.deulonder.com\/wp-content\/uploads\/2024\/11\/MASTER-OUTLET-CUADRADO-1.jpg\",\"width\":720,\"height\":720},{\"@type\":\"BreadcrumbList\",\"@id\":\"https:\/\/www.deulonder.com\/producto\/horno-wolf\/#breadcrumb\",\"itemListElement\":[{\"@type\":\"ListItem\",\"position\":1,\"name\":\"Portada\",\"item\":\"https:\/\/www.deulonder.com\/\"},{\"@type\":\"ListItem\",\"position\":2,\"name\":\"Store &#038; outlet\",\"item\":\"https:\/\/www.deulonder.com\/venta-y-outlet\/\"},{\"@type\":\"ListItem\",\"position\":3,\"name\":\"Horno Wolf\"}]},{\"@type\":\"WebSite\",\"@id\":\"https:\/\/www.deulonder.com\/#website\",\"url\":\"https:\/\/www.deulonder.com\/\",\"name\":\"Deulonder part of Gunni & Trentino\",\"description\":\"Estudio de interiorismo\",\"publisher\":{\"@id\":\"https:\/\/www.deulonder.com\/#organization\"},\"alternateName\":\"Deulonder part of Gunni & Trentino\",\"potentialAction\":[{\"@type\":\"SearchAction\",\"target\":{\"@type\":\"EntryPoint\",\"urlTemplate\":\"https:\/\/www.deulonder.com\/?s={search_term_string}\"},\"query-input\":{\"@type\":\"PropertyValueSpecification\",\"valueRequired\":true,\"valueName\":\"search_term_string\"}}],\"inLanguage\":\"en-US\"},{\"@type\":\"Organization\",\"@id\":\"https:\/\/www.deulonder.com\/#organization\",\"name\":\"Deulonder part of Gunni & Trentino\",\"alternateName\":\"Deulonder part of Gunni & Trentino\",\"url\":\"https:\/\/www.deulonder.com\/\",\"logo\":{\"@type\":\"ImageObject\",\"inLanguage\":\"en-US\",\"@id\":\"https:\/\/www.deulonder.com\/#\/schema\/logo\/image\/\",\"url\":\"https:\/\/www.deulonder.com\/wp-content\/uploads\/2025\/09\/deulonder-part-of-gunnitrentino-logo.webp\",\"contentUrl\":\"https:\/\/www.deulonder.com\/wp-content\/uploads\/2025\/09\/deulonder-part-of-gunnitrentino-logo.webp\",\"width\":1471,\"height\":176,\"caption\":\"Deulonder part of Gunni & Trentino\"},\"image\":{\"@id\":\"https:\/\/www.deulonder.com\/#\/schema\/logo\/image\/\"}}]}<\/script>\n<!-- \/ Yoast SEO plugin. -->","yoast_head_json":{"title":"Horno Wolf - Deulonder part of Gunni &amp; Trentino","robots":{"index":"index","follow":"follow","max-snippet":"max-snippet:-1","max-image-preview":"max-image-preview:large","max-video-preview":"max-video-preview:-1"},"canonical":"https:\/\/www.deulonder.com\/producto\/horno-wolf\/","og_locale":"en_US","og_type":"article","og_title":"Horno Wolf - Deulonder part of Gunni &amp; Trentino","og_description":"Horno empotrable 76 cm inox Profesional Convecci\u00f3n dual. Limpieza Pirol\u00edtica 10 modos de cocci\u00f3n Capacidad 111 litros","og_url":"https:\/\/www.deulonder.com\/producto\/horno-wolf\/","og_site_name":"Deulonder part of Gunni &amp; Trentino","article_modified_time":"2026-02-02T15:55:27+00:00","og_image":[{"width":720,"height":720,"url":"https:\/\/www.deulonder.com\/wp-content\/uploads\/2024\/11\/MASTER-OUTLET-CUADRADO-1.jpg","type":"image\/jpeg"}],"twitter_card":"summary_large_image","twitter_misc":{"Est. reading time":"1 minute"},"schema":{"@context":"https:\/\/schema.org","@graph":[{"@type":"WebPage","@id":"https:\/\/www.deulonder.com\/producto\/horno-wolf\/","url":"https:\/\/www.deulonder.com\/producto\/horno-wolf\/","name":"Horno Wolf - Deulonder part of Gunni &amp; Trentino","isPartOf":{"@id":"https:\/\/www.deulonder.com\/#website"},"primaryImageOfPage":{"@id":"https:\/\/www.deulonder.com\/producto\/horno-wolf\/#primaryimage"},"image":{"@id":"https:\/\/www.deulonder.com\/producto\/horno-wolf\/#primaryimage"},"thumbnailUrl":"https:\/\/www.deulonder.com\/wp-content\/uploads\/2024\/11\/MASTER-OUTLET-CUADRADO-1.jpg","datePublished":"2024-11-15T11:18:23+00:00","dateModified":"2026-02-02T15:55:27+00:00","breadcrumb":{"@id":"https:\/\/www.deulonder.com\/producto\/horno-wolf\/#breadcrumb"},"inLanguage":"en-US","potentialAction":[{"@type":"ReadAction","target":["https:\/\/www.deulonder.com\/producto\/horno-wolf\/"]}]},{"@type":"ImageObject","inLanguage":"en-US","@id":"https:\/\/www.deulonder.com\/producto\/horno-wolf\/#primaryimage","url":"https:\/\/www.deulonder.com\/wp-content\/uploads\/2024\/11\/MASTER-OUTLET-CUADRADO-1.jpg","contentUrl":"https:\/\/www.deulonder.com\/wp-content\/uploads\/2024\/11\/MASTER-OUTLET-CUADRADO-1.jpg","width":720,"height":720},{"@type":"BreadcrumbList","@id":"https:\/\/www.deulonder.com\/producto\/horno-wolf\/#breadcrumb","itemListElement":[{"@type":"ListItem","position":1,"name":"Portada","item":"https:\/\/www.deulonder.com\/"},{"@type":"ListItem","position":2,"name":"Store &#038; outlet","item":"https:\/\/www.deulonder.com\/venta-y-outlet\/"},{"@type":"ListItem","position":3,"name":"Horno Wolf"}]},{"@type":"WebSite","@id":"https:\/\/www.deulonder.com\/#website","url":"https:\/\/www.deulonder.com\/","name":"Deulonder part of Gunni & Trentino","description":"Estudio de interiorismo","publisher":{"@id":"https:\/\/www.deulonder.com\/#organization"},"alternateName":"Deulonder part of Gunni & Trentino","potentialAction":[{"@type":"SearchAction","target":{"@type":"EntryPoint","urlTemplate":"https:\/\/www.deulonder.com\/?s={search_term_string}"},"query-input":{"@type":"PropertyValueSpecification","valueRequired":true,"valueName":"search_term_string"}}],"inLanguage":"en-US"},{"@type":"Organization","@id":"https:\/\/www.deulonder.com\/#organization","name":"Deulonder part of Gunni & Trentino","alternateName":"Deulonder part of Gunni & Trentino","url":"https:\/\/www.deulonder.com\/","logo":{"@type":"ImageObject","inLanguage":"en-US","@id":"https:\/\/www.deulonder.com\/#\/schema\/logo\/image\/","url":"https:\/\/www.deulonder.com\/wp-content\/uploads\/2025\/09\/deulonder-part-of-gunnitrentino-logo.webp","contentUrl":"https:\/\/www.deulonder.com\/wp-content\/uploads\/2025\/09\/deulonder-part-of-gunnitrentino-logo.webp","width":1471,"height":176,"caption":"Deulonder part of Gunni & Trentino"},"image":{"@id":"https:\/\/www.deulonder.com\/#\/schema\/logo\/image\/"}}]}},"_links":{"self":[{"href":"https:\/\/www.deulonder.com\/en\/wp-json\/wp\/v2\/product\/8307"}],"collection":[{"href":"https:\/\/www.deulonder.com\/en\/wp-json\/wp\/v2\/product"}],"about":[{"href":"https:\/\/www.deulonder.com\/en\/wp-json\/wp\/v2\/types\/product"}],"replies":[{"embeddable":true,"href":"https:\/\/www.deulonder.com\/en\/wp-json\/wp\/v2\/comments?post=8307"}],"wp:featuredmedia":[{"embeddable":true,"href":"https:\/\/www.deulonder.com\/en\/wp-json\/wp\/v2\/media\/8308"}],"wp:attachment":[{"href":"https:\/\/www.deulonder.com\/en\/wp-json\/wp\/v2\/media?parent=8307"}],"wp:term":[{"taxonomy":"product_cat","embeddable":true,"href":"https:\/\/www.deulonder.com\/en\/wp-json\/wp\/v2\/product_cat?post=8307"},{"taxonomy":"product_tag","embeddable":true,"href":"https:\/\/www.deulonder.com\/en\/wp-json\/wp\/v2\/product_tag?post=8307"}],"curies":[{"name":"wp","href":"https:\/\/api.w.org\/{rel}","templated":true}]}}